{"id":16,"date":"2023-08-14T06:25:57","date_gmt":"2023-08-14T06:25:57","guid":{"rendered":"https:\/\/marecalmo.hr\/?page_id=16"},"modified":"2024-05-23T08:48:23","modified_gmt":"2024-05-23T06:48:23","slug":"about-us","status":"publish","type":"page","link":"https:\/\/marecalmo.hr\/hr\/about-us\/","title":{"rendered":"O nama"},"content":{"rendered":"\n<div class=\"wp-block-uagb-container uagb-block-4c3875af alignfull uagb-is-root-container\"><div class=\"uagb-container-inner-blocks-wrap\">\n<div class=\"wp-block-uagb-advanced-heading uagb-block-36237826\"><h1 class=\"uagb-heading-text\">Mirno more, bonaca, sigurna plovidba &#8211; Mare Calmo<\/h1><\/div>\n<\/div><\/div>\n\n\n\n<div class=\"wp-block-uagb-container uagb-block-5cf03063 alignfull uagb-is-root-container\"><div class=\"uagb-container-inner-blocks-wrap\">\n<div class=\"wp-block-uagb-container uagb-block-a7808f99\">\n<div class=\"wp-block-uagb-image uagb-block-6d75d68d wp-block-uagb-image--layout-default wp-block-uagb-image--effect-static wp-block-uagb-image--align-none\"><figure class=\"wp-block-uagb-image__figure\"><img decoding=\"async\" srcset=\"https:\/\/marecalmo.hr\/wp-content\/uploads\/2024\/05\/y-7-Large-1024x767.jpeg ,https:\/\/marecalmo.hr\/wp-content\/uploads\/2024\/05\/y-7-Large.jpeg 780w, https:\/\/marecalmo.hr\/wp-content\/uploads\/2024\/05\/y-7-Large.jpeg 360w\" sizes=\"auto, (max-width: 480px) 150px\" src=\"https:\/\/marecalmo.hr\/wp-content\/uploads\/2024\/05\/y-7-Large-1024x767.jpeg\" alt=\"\" class=\"uag-image-1402\" width=\"600\" height=\"480\" title=\"y-7 Large\" loading=\"lazy\" role=\"img\"\/><\/figure><\/div>\n<\/div>\n\n\n\n<div class=\"wp-block-uagb-container uagb-block-05150e62\">\n<div class=\"wp-block-uagb-advanced-heading uagb-block-a2b3848d\"><h2 class=\"uagb-heading-text\">Za\u0161to Mare Calmo?<\/h2><\/div>\n\n\n\n<p>Mare Calmo obiteljska je tvrtka sa sjedi\u0161tem u Hrvatskoj.<br>Hrvatska je poznata po svojim prirodnim ljepotama a Jadransko more je, prema Europskoj komisiji, naj\u010di\u0161\u0107e more u Europi. Hrvatska obala broji vi\u0161e od 1000 otoka, od kojih je svaki poseban na svoj na\u010din. Istra\u017eite na\u0161u predivnu obalu i u\u017eivajte u zalascima sunca na izvanrednim lokacijama.<br><br>Osim prirodnih ljepota, Hrvatska ima bogato povijest i kulturno naslije\u0111e s mnogo povijesnih nalazi\u0161ta i spomenika.<br>Jadranska obala nudi sve \u0161to mo\u017eete po\u017eeljeti, a personalizirani izleti, pa\u017eljivo osmi\u0161ljeni za svakog klijenta, na\u0161a su specijalnost.<br><br>Za ultimativan odmor na Jadranu potreban Vam je samo mir, ti\u0161ina i mirno more &#8211; Mare Calmo.<\/p>\n<\/div>\n<\/div><\/div>\n\n\n\n<div class=\"wp-block-uagb-container uagb-block-edae5b83 alignfull uagb-is-root-container\"><div class=\"uagb-container-inner-blocks-wrap\">\n<div class=\"wp-block-uagb-advanced-heading uagb-block-64726181\"><h6 class=\"uagb-heading-text\">USIDRENI U IZVRSNOSTI<\/h6><\/div>\n\n\n\n<div class=\"wp-block-uagb-advanced-heading uagb-block-92588f0c\"><h2 class=\"uagb-heading-text\">Na\u0161a temeljna na\u010dela<\/h2><\/div>\n\n\n\n<div class=\"wp-block-uagb-image aligncenter uagb-block-37f6c2f8 wp-block-uagb-image--layout-default wp-block-uagb-image--effect-static wp-block-uagb-image--align-center\"><figure class=\"wp-block-uagb-image__figure\"><img decoding=\"async\" srcset=\"https:\/\/marecalmo.hr\/wp-content\/uploads\/2024\/05\/y-11-Large-1024x767.jpeg ,https:\/\/marecalmo.hr\/wp-content\/uploads\/2024\/05\/y-11-Large.jpeg 780w, https:\/\/marecalmo.hr\/wp-content\/uploads\/2024\/05\/y-11-Large.jpeg 360w\" sizes=\"auto, (max-width: 480px) 150px\" src=\"https:\/\/marecalmo.hr\/wp-content\/uploads\/2024\/05\/y-11-Large-1024x767.jpeg\" alt=\"\" class=\"uag-image-1404\" width=\"1024\" height=\"444\" title=\"y-11 Large\" loading=\"lazy\" role=\"img\"\/><\/figure><\/div>\n\n\n\n<div class=\"wp-block-uagb-container uagb-block-0f0fe2b0\">\n<div class=\"wp-block-uagb-advanced-heading uagb-block-a7766e3a\"><h4 class=\"uagb-heading-text\">Elegancija<\/h4><p class=\"uagb-desc-text\">Sofisticiranost i profinjenost na\u0161i su prioriteti u svakom aspektu na\u0161ih usluga, \u010dime osiguravamo vrhunsko iskustvo za na\u0161e cijenjene klijente.<\/p><\/div>\n\n\n\n<div class=\"wp-block-uagb-advanced-heading uagb-block-b78816fa\"><h4 class=\"uagb-heading-text\">Personalizacija<\/h4><p class=\"uagb-desc-text\">Svako putovanje potpuno prilago\u0111avamo Va\u0161im \u017eeljama, stvaraju\u0107i nezaboravne uspomene na Jadranskom moru.<\/p><\/div>\n\n\n\n<div class=\"wp-block-uagb-advanced-heading uagb-block-a5c64964\"><h4 class=\"uagb-heading-text\">Detalji<\/h4><p class=\"uagb-desc-text\">Svaki detalj je bitan u osmi\u0161ljavanju savr\u0161enog putovanja. Tu smo za Vas, od posebnih zahtjeva do najmanjih detalja, osiguravaju\u0107i ugodno i bezbri\u017eno putovanje.<\/p><\/div>\n<\/div>\n<\/div><\/div>\n\n\n\n<div class=\"wp-block-uagb-container uagb-block-9caa1a47 alignfull uagb-is-root-container\"><div class=\"uagb-container-inner-blocks-wrap\">\n<div class=\"wp-block-uagb-advanced-heading uagb-block-3a57683f\"><h2 class=\"uagb-heading-text\">Zapo\u010dnite svoju avanturu uz <br>Mare Calmo<\/h2><\/div>\n\n\n\n<div class=\"wp-block-uagb-buttons uagb-buttons__outer-wrap uagb-btn__default-btn uagb-btn-tablet__default-btn uagb-btn-mobile__default-btn uagb-block-9979be0d\"><div class=\"uagb-buttons__wrap uagb-buttons-layout-wrap \">\n<div class=\"wp-block-uagb-buttons-child uagb-buttons__outer-wrap uagb-block-84fd34e5 wp-block-button\"><div class=\"uagb-button__wrapper\"><a class=\"uagb-buttons-repeater wp-block-button__link\" aria-label=\"\" href=\"https:\/\/wa.me\/385998321116\" rel=\"follow noopener\" target=\"_self\" role=\"button\"><div class=\"uagb-button__link\">REZERVIRAJTE ODMAH<\/div><\/a><\/div><\/div>\n<\/div><\/div>\n<\/div><\/div>\n","protected":false},"excerpt":{"rendered":"<p>Mirno more, bonaca, sigurna plovidba &#8211; Mare Calmo Za\u0161to Mare Calmo? Mare Calmo obiteljska je tvrtka sa sjedi\u0161tem u Hrvatskoj.Hrvatska je poznata po svojim prirodnim ljepotama a Jadransko more je, prema Europskoj komisiji, naj\u010di\u0161\u0107e more u Europi. Hrvatska obala broji vi\u0161e od 1000 otoka, od kojih je svaki poseban na svoj na\u010din. Istra\u017eite na\u0161u predivnu [&hellip;]<\/p>\n","protected":false},"author":2,"featured_media":0,"parent":0,"menu_order":0,"comment_status":"closed","ping_status":"closed","template":"","meta":{"_uag_custom_page_level_css":"","site-sidebar-layout":"default","site-content-layout":"plain-container","ast-site-content-layout":"normal-width-container","site-content-style":"unboxed","site-sidebar-style":"unboxed","ast-global-header-display":"","ast-banner-title-visibility":"disabled","ast-main-header-display":"","ast-hfb-above-header-display":"","ast-hfb-below-header-display":"","ast-hfb-mobile-header-display":"","site-post-title":"","ast-breadcrumbs-content":"","ast-featured-img":"","footer-sml-layout":"","theme-transparent-header-meta":"","adv-header-id-meta":"","stick-header-meta":"","header-above-stick-meta":"","header-main-stick-meta":"","header-below-stick-meta":"","astra-migrate-meta-layouts":"set","ast-page-background-enabled":"default","ast-page-background-meta":{"desktop":{"background-color":"var(--ast-global-color-4)","background-image":"","background-repeat":"repeat","background-position":"center center","background-size":"auto","background-attachment":"scroll","background-type":"","background-media":"","overlay-type":"","overlay-color":"","overlay-gradient":""},"tablet":{"background-color":"","background-image":"","background-repeat":"repeat","background-position":"center center","background-size":"auto","background-attachment":"scroll","background-type":"","background-media":"","overlay-type":"","overlay-color":"","overlay-gradient":""},"mobile":{"background-color":"","background-image":"","background-repeat":"repeat","background-position":"center center","background-size":"auto","background-attachment":"scroll","background-type":"","background-media":"","overlay-type":"","overlay-color":"","overlay-gradient":""}},"ast-content-background-meta":{"desktop":{"background-color":"var(--ast-global-color-5)","background-image":"","background-repeat":"repeat","background-position":"center center","background-size":"auto","background-attachment":"scroll","background-type":"","background-media":"","overlay-type":"","overlay-color":"","overlay-gradient":""},"tablet":{"background-color":"var(--ast-global-color-5)","background-image":"","background-repeat":"repeat","background-position":"center center","background-size":"auto","background-attachment":"scroll","background-type":"","background-media":"","overlay-type":"","overlay-color":"","overlay-gradient":""},"mobile":{"background-color":"var(--ast-global-color-5)","background-image":"","background-repeat":"repeat","background-position":"center center","background-size":"auto","background-attachment":"scroll","background-type":"","background-media":"","overlay-type":"","overlay-color":"","overlay-gradient":""}},"footnotes":""},"class_list":["post-16","page","type-page","status-publish","hentry"],"uagb_featured_image_src":{"full":false,"thumbnail":false,"medium":false,"medium_large":false,"large":false,"1536x1536":false,"2048x2048":false,"trp-custom-language-flag":false},"uagb_author_info":{"display_name":"Dino Be\u0161i\u0107","author_link":"https:\/\/marecalmo.hr\/hr\/author\/admin\/"},"uagb_comment_info":0,"uagb_excerpt":"Mirno more, bonaca, sigurna plovidba &#8211; Mare Calmo Za\u0161to Mare Calmo? Mare Calmo obiteljska je tvrtka sa sjedi\u0161tem u Hrvatskoj.Hrvatska je poznata po svojim prirodnim ljepotama a Jadransko more je, prema Europskoj komisiji, naj\u010di\u0161\u0107e more u Europi. Hrvatska obala broji vi\u0161e od 1000 otoka, od kojih je svaki poseban na svoj na\u010din. Istra\u017eite na\u0161u predivnu&hellip;","_links":{"self":[{"href":"https:\/\/marecalmo.hr\/hr\/wp-json\/wp\/v2\/pages\/16","targetHints":{"allow":["GET"]}}],"collection":[{"href":"https:\/\/marecalmo.hr\/hr\/wp-json\/wp\/v2\/pages"}],"about":[{"href":"https:\/\/marecalmo.hr\/hr\/wp-json\/wp\/v2\/types\/page"}],"author":[{"embeddable":true,"href":"https:\/\/marecalmo.hr\/hr\/wp-json\/wp\/v2\/users\/2"}],"replies":[{"embeddable":true,"href":"https:\/\/marecalmo.hr\/hr\/wp-json\/wp\/v2\/comments?post=16"}],"version-history":[{"count":9,"href":"https:\/\/marecalmo.hr\/hr\/wp-json\/wp\/v2\/pages\/16\/revisions"}],"predecessor-version":[{"id":1587,"href":"https:\/\/marecalmo.hr\/hr\/wp-json\/wp\/v2\/pages\/16\/revisions\/1587"}],"wp:attachment":[{"href":"https:\/\/marecalmo.hr\/hr\/wp-json\/wp\/v2\/media?parent=16"}],"curies":[{"name":"wp","href":"https:\/\/api.w.org\/{rel}","templated":true}]}}