{"id":16,"date":"2023-08-14T06:25:57","date_gmt":"2023-08-14T06:25:57","guid":{"rendered":"https:\/\/marecalmo.hr\/?page_id=16"},"modified":"2024-05-23T08:48:23","modified_gmt":"2024-05-23T06:48:23","slug":"about-us","status":"publish","type":"page","link":"https:\/\/marecalmo.hr\/en\/about-us\/","title":{"rendered":"About Us"},"content":{"rendered":"<div class=\"wp-block-uagb-container uagb-block-4c3875af alignfull uagb-is-root-container\"><div class=\"uagb-container-inner-blocks-wrap\">\n<div class=\"wp-block-uagb-advanced-heading uagb-block-36237826\"><h1 class=\"uagb-heading-text\">Calm sea, smooth sailing, safe travel - Mare Calmo<\/h1><\/div>\n<\/div><\/div>\n\n\n\n<div class=\"wp-block-uagb-container uagb-block-5cf03063 alignfull uagb-is-root-container\"><div class=\"uagb-container-inner-blocks-wrap\">\n<div class=\"wp-block-uagb-container uagb-block-a7808f99\">\n<div class=\"wp-block-uagb-image uagb-block-6d75d68d wp-block-uagb-image--layout-default wp-block-uagb-image--effect-static wp-block-uagb-image--align-none\"><figure class=\"wp-block-uagb-image__figure\"><img decoding=\"async\" srcset=\"https:\/\/marecalmo.hr\/wp-content\/uploads\/2024\/05\/y-7-Large-1024x767.jpeg ,https:\/\/marecalmo.hr\/wp-content\/uploads\/2024\/05\/y-7-Large.jpeg 780w, https:\/\/marecalmo.hr\/wp-content\/uploads\/2024\/05\/y-7-Large.jpeg 360w\" sizes=\"auto, (max-width: 480px) 150px\" src=\"https:\/\/marecalmo.hr\/wp-content\/uploads\/2024\/05\/y-7-Large-1024x767.jpeg\" alt=\"\" class=\"uag-image-1402\" width=\"600\" height=\"480\" title=\"y-7 Large\" loading=\"lazy\" role=\"img\"\/><\/figure><\/div>\n<\/div>\n\n\n\n<div class=\"wp-block-uagb-container uagb-block-05150e62\">\n<div class=\"wp-block-uagb-advanced-heading uagb-block-a2b3848d\"><h2 class=\"uagb-heading-text\">Why Mare Calmo?<\/h2><\/div>\n\n\n\n<p>Mare Calmo is a family-owned company based in Croatia.<br>Croatia is known for its natural beauty and the Adriatc Sea is the purest in Europe according to the European Comission. The Adriatic Coast counts more than 1000 islands and each one is unique. Explore our beautiful coast and enjoy sunsets in the most extraordinary locations.<br><br>Moreover, Croatia is rich in history and cultural heritage, with many historical sites and monuments.<br>The Adriatic Coast offers everything you'll ever want and tailor-maid trips for every client are our specialty.<br><br>For the ultimate vacation on the Adriatic coast, all You need is peace, quiet and calm sea - Mare Calmo.<\/p>\n<\/div>\n<\/div><\/div>\n\n\n\n<div class=\"wp-block-uagb-container uagb-block-edae5b83 alignfull uagb-is-root-container\"><div class=\"uagb-container-inner-blocks-wrap\">\n<div class=\"wp-block-uagb-advanced-heading uagb-block-64726181\"><h6 class=\"uagb-heading-text\">ANCHORED IN EXCELLENCE<\/h6><\/div>\n\n\n\n<div class=\"wp-block-uagb-advanced-heading uagb-block-92588f0c\"><h2 class=\"uagb-heading-text\">Our core values<\/h2><\/div>\n\n\n\n<div class=\"wp-block-uagb-image aligncenter uagb-block-37f6c2f8 wp-block-uagb-image--layout-default wp-block-uagb-image--effect-static wp-block-uagb-image--align-center\"><figure class=\"wp-block-uagb-image__figure\"><img decoding=\"async\" srcset=\"https:\/\/marecalmo.hr\/wp-content\/uploads\/2024\/05\/y-11-Large-1024x767.jpeg ,https:\/\/marecalmo.hr\/wp-content\/uploads\/2024\/05\/y-11-Large.jpeg 780w, https:\/\/marecalmo.hr\/wp-content\/uploads\/2024\/05\/y-11-Large.jpeg 360w\" sizes=\"auto, (max-width: 480px) 150px\" src=\"https:\/\/marecalmo.hr\/wp-content\/uploads\/2024\/05\/y-11-Large-1024x767.jpeg\" alt=\"\" class=\"uag-image-1404\" width=\"1024\" height=\"444\" title=\"y-11 Large\" loading=\"lazy\" role=\"img\"\/><\/figure><\/div>\n\n\n\n<div class=\"wp-block-uagb-container uagb-block-0f0fe2b0\">\n<div class=\"wp-block-uagb-advanced-heading uagb-block-a7766e3a\"><h4 class=\"uagb-heading-text\">Elegance<\/h4><p class=\"uagb-desc-text\">We prioritize sophistication and refinement in every aspect of our services, ensuring the ultimate experience for our valued clients.<\/p><\/div>\n\n\n\n<div class=\"wp-block-uagb-advanced-heading uagb-block-b78816fa\"><h4 class=\"uagb-heading-text\">Personalization<\/h4><p class=\"uagb-desc-text\">By customizing each trip with your preferences, we create unforgettable memories in the Adriatic Sea.<\/p><\/div>\n\n\n\n<div class=\"wp-block-uagb-advanced-heading uagb-block-a5c64964\"><h4 class=\"uagb-heading-text\">Details<\/h4><p class=\"uagb-desc-text\">Every detail is important in designing the perfect trip. We are here for you, from special requests to the smallest details, ensuring a pleasant and carefree trip.<\/p><\/div>\n<\/div>\n<\/div><\/div>\n\n\n\n<div class=\"wp-block-uagb-container uagb-block-9caa1a47 alignfull uagb-is-root-container\"><div class=\"uagb-container-inner-blocks-wrap\">\n<div class=\"wp-block-uagb-advanced-heading uagb-block-3a57683f\"><h2 class=\"uagb-heading-text\">Start your adventure with <br>Mare Calmo<\/h2><\/div>\n\n\n\n<div class=\"wp-block-uagb-buttons uagb-buttons__outer-wrap uagb-btn__default-btn uagb-btn-tablet__default-btn uagb-btn-mobile__default-btn uagb-block-9979be0d\"><div class=\"uagb-buttons__wrap uagb-buttons-layout-wrap\">\n<div class=\"wp-block-uagb-buttons-child uagb-buttons__outer-wrap uagb-block-84fd34e5 wp-block-button\"><div class=\"uagb-button__wrapper\"><a class=\"uagb-buttons-repeater wp-block-button__link\" aria-label=\"\" href=\"https:\/\/wa.me\/385998321116\" rel=\"follow noopener\" target=\"_self\" role=\"button\"><div class=\"uagb-button__link\">BOOK NOW<\/div><\/a><\/div><\/div>\n<\/div><\/div>\n<\/div><\/div>","protected":false},"excerpt":{"rendered":"<p>Mirno more, bonaca, sigurna plovidba &#8211; Mare Calmo Za\u0161to Mare Calmo? Mare Calmo obiteljska je tvrtka sa sjedi\u0161tem u Hrvatskoj.Hrvatska je poznata po svojim prirodnim ljepotama a Jadransko more je, prema Europskoj komisiji, naj\u010di\u0161\u0107e more u Europi. Hrvatska obala broji vi\u0161e od 1000 otoka, od kojih je svaki poseban na svoj na\u010din. Istra\u017eite na\u0161u predivnu [&hellip;]<\/p>\n","protected":false},"author":2,"featured_media":0,"parent":0,"menu_order":0,"comment_status":"closed","ping_status":"closed","template":"","meta":{"_uag_custom_page_level_css":"","site-sidebar-layout":"default","site-content-layout":"plain-container","ast-site-content-layout":"normal-width-container","site-content-style":"unboxed","site-sidebar-style":"unboxed","ast-global-header-display":"","ast-banner-title-visibility":"disabled","ast-main-header-display":"","ast-hfb-above-header-display":"","ast-hfb-below-header-display":"","ast-hfb-mobile-header-display":"","site-post-title":"","ast-breadcrumbs-content":"","ast-featured-img":"","footer-sml-layout":"","theme-transparent-header-meta":"","adv-header-id-meta":"","stick-header-meta":"","header-above-stick-meta":"","header-main-stick-meta":"","header-below-stick-meta":"","astra-migrate-meta-layouts":"set","ast-page-background-enabled":"default","ast-page-background-meta":{"desktop":{"background-color":"var(--ast-global-color-4)","background-image":"","background-repeat":"repeat","background-position":"center center","background-size":"auto","background-attachment":"scroll","background-type":"","background-media":"","overlay-type":"","overlay-color":"","overlay-gradient":""},"tablet":{"background-color":"","background-image":"","background-repeat":"repeat","background-position":"center center","background-size":"auto","background-attachment":"scroll","background-type":"","background-media":"","overlay-type":"","overlay-color":"","overlay-gradient":""},"mobile":{"background-color":"","background-image":"","background-repeat":"repeat","background-position":"center center","background-size":"auto","background-attachment":"scroll","background-type":"","background-media":"","overlay-type":"","overlay-color":"","overlay-gradient":""}},"ast-content-background-meta":{"desktop":{"background-color":"var(--ast-global-color-5)","background-image":"","background-repeat":"repeat","background-position":"center center","background-size":"auto","background-attachment":"scroll","background-type":"","background-media":"","overlay-type":"","overlay-color":"","overlay-gradient":""},"tablet":{"background-color":"var(--ast-global-color-5)","background-image":"","background-repeat":"repeat","background-position":"center center","background-size":"auto","background-attachment":"scroll","background-type":"","background-media":"","overlay-type":"","overlay-color":"","overlay-gradient":""},"mobile":{"background-color":"var(--ast-global-color-5)","background-image":"","background-repeat":"repeat","background-position":"center center","background-size":"auto","background-attachment":"scroll","background-type":"","background-media":"","overlay-type":"","overlay-color":"","overlay-gradient":""}},"footnotes":""},"class_list":["post-16","page","type-page","status-publish","hentry"],"uagb_featured_image_src":{"full":false,"thumbnail":false,"medium":false,"medium_large":false,"large":false,"1536x1536":false,"2048x2048":false,"trp-custom-language-flag":false},"uagb_author_info":{"display_name":"Dino Be\u0161i\u0107","author_link":"https:\/\/marecalmo.hr\/en\/author\/admin\/"},"uagb_comment_info":0,"uagb_excerpt":"Mirno more, bonaca, sigurna plovidba &#8211; Mare Calmo Za\u0161to Mare Calmo? Mare Calmo obiteljska je tvrtka sa sjedi\u0161tem u Hrvatskoj.Hrvatska je poznata po svojim prirodnim ljepotama a Jadransko more je, prema Europskoj komisiji, naj\u010di\u0161\u0107e more u Europi. Hrvatska obala broji vi\u0161e od 1000 otoka, od kojih je svaki poseban na svoj na\u010din. Istra\u017eite na\u0161u predivnu&hellip;","_links":{"self":[{"href":"https:\/\/marecalmo.hr\/en\/wp-json\/wp\/v2\/pages\/16","targetHints":{"allow":["GET"]}}],"collection":[{"href":"https:\/\/marecalmo.hr\/en\/wp-json\/wp\/v2\/pages"}],"about":[{"href":"https:\/\/marecalmo.hr\/en\/wp-json\/wp\/v2\/types\/page"}],"author":[{"embeddable":true,"href":"https:\/\/marecalmo.hr\/en\/wp-json\/wp\/v2\/users\/2"}],"replies":[{"embeddable":true,"href":"https:\/\/marecalmo.hr\/en\/wp-json\/wp\/v2\/comments?post=16"}],"version-history":[{"count":9,"href":"https:\/\/marecalmo.hr\/en\/wp-json\/wp\/v2\/pages\/16\/revisions"}],"predecessor-version":[{"id":1587,"href":"https:\/\/marecalmo.hr\/en\/wp-json\/wp\/v2\/pages\/16\/revisions\/1587"}],"wp:attachment":[{"href":"https:\/\/marecalmo.hr\/en\/wp-json\/wp\/v2\/media?parent=16"}],"curies":[{"name":"wp","href":"https:\/\/api.w.org\/{rel}","templated":true}]}}